{"id":13,"date":"2024-10-24T11:35:14","date_gmt":"2024-10-24T11:35:14","guid":{"rendered":"https:\/\/aledibar.rkinformatika.online\/?page_id=13"},"modified":"2024-10-29T12:16:44","modified_gmt":"2024-10-29T12:16:44","slug":"servicios","status":"publish","type":"page","link":"https:\/\/aledibar.com\/eu\/servicios\/","title":{"rendered":"ZERBITZUAK"},"content":{"rendered":"<div data-elementor-type=\"wp-page\" data-elementor-id=\"13\" class=\"elementor elementor-13\" data-elementor-post-type=\"page\">\n\t\t\t\t<div class=\"elementor-element elementor-element-72dae2d e-con-full e-flex e-con e-parent\" data-id=\"72dae2d\" data-element_type=\"container\" data-e-type=\"container\" data-settings=\"{&quot;background_background&quot;:&quot;classic&quot;}\">\n\t\t\t\t<\/div>\n\t\t<div class=\"elementor-element elementor-element-365fa7b e-flex e-con-boxed e-con e-parent\" data-id=\"365fa7b\" data-element_type=\"container\" data-e-type=\"container\">\n\t\t\t\t\t<div class=\"e-con-inner\">\n\t\t\t\t<div class=\"elementor-element elementor-element-d91133a elementor-widget elementor-widget-text-editor\" data-id=\"d91133a\" data-element_type=\"widget\" data-e-type=\"widget\" data-widget_type=\"text-editor.default\">\n\t\t\t\t<div class=\"elementor-widget-container\">\n\t\t\t\t\t\t\t\t\t<h3><strong>ZERBITZUAK<\/strong><\/h3><p>En Bar Aledi nos dedicamos a ofrecer una experiencia gastron\u00f3mica completa y de calidad, adaptada a todos los gustos. Nuestra propuesta incluye una variedad de servicios pensados para hacer de cada visita un momento especial.<\/p>\t\t\t\t\t\t\t\t<\/div>\n\t\t\t\t<\/div>\n\t\t\t\t\t<\/div>\n\t\t\t\t<\/div>\n\t\t<div class=\"elementor-element elementor-element-84614bd e-flex e-con-boxed e-con e-parent\" data-id=\"84614bd\" data-element_type=\"container\" data-e-type=\"container\">\n\t\t\t\t\t<div class=\"e-con-inner\">\n\t\t<div class=\"elementor-element elementor-element-cbbc804 e-con-full e-flex e-con e-child\" data-id=\"cbbc804\" data-element_type=\"container\" data-e-type=\"container\">\n\t\t\t\t<div class=\"elementor-element elementor-element-74826b8 elementor-position-top elementor-widget elementor-widget-image-box\" data-id=\"74826b8\" data-element_type=\"widget\" data-e-type=\"widget\" data-widget_type=\"image-box.default\">\n\t\t\t\t<div class=\"elementor-widget-container\">\n\t\t\t\t\t<div class=\"elementor-image-box-wrapper\"><figure class=\"elementor-image-box-img\"><img fetchpriority=\"high\" decoding=\"async\" width=\"1789\" height=\"1193\" src=\"https:\/\/aledibar.com\/wp-content\/uploads\/2024\/10\/IMG-20240907-WA0003-Petronela-Luca_2-01.jpg\" class=\"attachment-full size-full wp-image-212\" alt=\"\" srcset=\"https:\/\/aledibar.com\/wp-content\/uploads\/2024\/10\/IMG-20240907-WA0003-Petronela-Luca_2-01.jpg 1789w, https:\/\/aledibar.com\/wp-content\/uploads\/2024\/10\/IMG-20240907-WA0003-Petronela-Luca_2-01-300x200.jpg 300w, https:\/\/aledibar.com\/wp-content\/uploads\/2024\/10\/IMG-20240907-WA0003-Petronela-Luca_2-01-1024x683.jpg 1024w, https:\/\/aledibar.com\/wp-content\/uploads\/2024\/10\/IMG-20240907-WA0003-Petronela-Luca_2-01-768x512.jpg 768w, https:\/\/aledibar.com\/wp-content\/uploads\/2024\/10\/IMG-20240907-WA0003-Petronela-Luca_2-01-1536x1024.jpg 1536w\" sizes=\"(max-width: 1789px) 100vw, 1789px\" \/><\/figure><div class=\"elementor-image-box-content\"><h3 class=\"elementor-image-box-title\">Desayunos y Meriendas<\/h3><p class=\"elementor-image-box-description\">Comienza el d\u00eda con nosotros disfrutando de una selecci\u00f3n de caf\u00e9s, infusiones, pasteles frescos y deliciosos pintxos, preparados cada d\u00eda con ingredientes de primera calidad.<\/p><\/div><\/div>\t\t\t\t<\/div>\n\t\t\t\t<\/div>\n\t\t\t\t<\/div>\n\t\t<div class=\"elementor-element elementor-element-d48a753 e-con-full e-flex e-con e-child\" data-id=\"d48a753\" data-element_type=\"container\" data-e-type=\"container\">\n\t\t\t\t<div class=\"elementor-element elementor-element-9a561aa elementor-position-top elementor-widget elementor-widget-image-box\" data-id=\"9a561aa\" data-element_type=\"widget\" data-e-type=\"widget\" data-widget_type=\"image-box.default\">\n\t\t\t\t<div class=\"elementor-widget-container\">\n\t\t\t\t\t<div class=\"elementor-image-box-wrapper\"><figure class=\"elementor-image-box-img\"><img decoding=\"async\" width=\"1134\" height=\"756\" src=\"https:\/\/aledibar.com\/wp-content\/uploads\/2024\/10\/WhatsApp-Image-2024-10-28-at-21.33.34-e1730189188746.jpeg\" class=\"attachment-full size-full wp-image-356\" alt=\"\" srcset=\"https:\/\/aledibar.com\/wp-content\/uploads\/2024\/10\/WhatsApp-Image-2024-10-28-at-21.33.34-e1730189188746.jpeg 1134w, https:\/\/aledibar.com\/wp-content\/uploads\/2024\/10\/WhatsApp-Image-2024-10-28-at-21.33.34-e1730189188746-300x200.jpeg 300w, https:\/\/aledibar.com\/wp-content\/uploads\/2024\/10\/WhatsApp-Image-2024-10-28-at-21.33.34-e1730189188746-1024x683.jpeg 1024w, https:\/\/aledibar.com\/wp-content\/uploads\/2024\/10\/WhatsApp-Image-2024-10-28-at-21.33.34-e1730189188746-768x512.jpeg 768w, https:\/\/aledibar.com\/wp-content\/uploads\/2024\/10\/WhatsApp-Image-2024-10-28-at-21.33.34-e1730189188746-18x12.jpeg 18w\" sizes=\"(max-width: 1134px) 100vw, 1134px\" \/><\/figure><div class=\"elementor-image-box-content\"><h3 class=\"elementor-image-box-title\">Pintxos y Tapas<\/h3><p class=\"elementor-image-box-description\">La barra de pintxos es nuestra especialidad, con opciones variadas y siempre frescas para que descubras nuevos sabores en cada bocado. Perfecto para acompa\u00f1ar una buena charla o un descanso en el d\u00eda.<\/p><\/div><\/div>\t\t\t\t<\/div>\n\t\t\t\t<\/div>\n\t\t\t\t<\/div>\n\t\t<div class=\"elementor-element elementor-element-f2cb4fd e-con-full e-flex e-con e-child\" data-id=\"f2cb4fd\" data-element_type=\"container\" data-e-type=\"container\">\n\t\t\t\t<div class=\"elementor-element elementor-element-3deb526 elementor-position-top elementor-widget elementor-widget-image-box\" data-id=\"3deb526\" data-element_type=\"widget\" data-e-type=\"widget\" data-widget_type=\"image-box.default\">\n\t\t\t\t<div class=\"elementor-widget-container\">\n\t\t\t\t\t<div class=\"elementor-image-box-wrapper\"><figure class=\"elementor-image-box-img\"><img decoding=\"async\" width=\"1789\" height=\"1193\" src=\"https:\/\/aledibar.com\/wp-content\/uploads\/2024\/10\/2020-09-13_2-01.jpg\" class=\"attachment-full size-full wp-image-210\" alt=\"\" srcset=\"https:\/\/aledibar.com\/wp-content\/uploads\/2024\/10\/2020-09-13_2-01.jpg 1789w, https:\/\/aledibar.com\/wp-content\/uploads\/2024\/10\/2020-09-13_2-01-300x200.jpg 300w, https:\/\/aledibar.com\/wp-content\/uploads\/2024\/10\/2020-09-13_2-01-1024x683.jpg 1024w, https:\/\/aledibar.com\/wp-content\/uploads\/2024\/10\/2020-09-13_2-01-768x512.jpg 768w, https:\/\/aledibar.com\/wp-content\/uploads\/2024\/10\/2020-09-13_2-01-1536x1024.jpg 1536w\" sizes=\"(max-width: 1789px) 100vw, 1789px\" \/><\/figure><div class=\"elementor-image-box-content\"><h3 class=\"elementor-image-box-title\">Servicio de Cenas los Fines de Semana<\/h3><p class=\"elementor-image-box-description\">Cada fin de semana, ofrecemos cenas con platos especiales que destacan por su sabor y autenticidad, ideales para disfrutar en un ambiente acogedor y relajado.<\/p><\/div><\/div>\t\t\t\t<\/div>\n\t\t\t\t<\/div>\n\t\t\t\t<\/div>\n\t\t<div class=\"elementor-element elementor-element-3165102 e-con-full e-flex e-con e-child\" data-id=\"3165102\" data-element_type=\"container\" data-e-type=\"container\">\n\t\t\t\t<div class=\"elementor-element elementor-element-22927c4 elementor-position-top elementor-widget elementor-widget-image-box\" data-id=\"22927c4\" data-element_type=\"widget\" data-e-type=\"widget\" data-widget_type=\"image-box.default\">\n\t\t\t\t<div class=\"elementor-widget-container\">\n\t\t\t\t\t<div class=\"elementor-image-box-wrapper\"><figure class=\"elementor-image-box-img\"><img loading=\"lazy\" decoding=\"async\" width=\"1789\" height=\"1193\" src=\"https:\/\/aledibar.com\/wp-content\/uploads\/2024\/10\/2022-06-16_2-01.jpg\" class=\"attachment-full size-full wp-image-216\" alt=\"\" srcset=\"https:\/\/aledibar.com\/wp-content\/uploads\/2024\/10\/2022-06-16_2-01.jpg 1789w, https:\/\/aledibar.com\/wp-content\/uploads\/2024\/10\/2022-06-16_2-01-300x200.jpg 300w, https:\/\/aledibar.com\/wp-content\/uploads\/2024\/10\/2022-06-16_2-01-1024x683.jpg 1024w, https:\/\/aledibar.com\/wp-content\/uploads\/2024\/10\/2022-06-16_2-01-768x512.jpg 768w, https:\/\/aledibar.com\/wp-content\/uploads\/2024\/10\/2022-06-16_2-01-1536x1024.jpg 1536w\" sizes=\"(max-width: 1789px) 100vw, 1789px\" \/><\/figure><div class=\"elementor-image-box-content\"><h3 class=\"elementor-image-box-title\">Raciones Especiales de Domingo<\/h3><p class=\"elementor-image-box-description\">Los domingos son sin\u00f3nimo de tradici\u00f3n en Bar Aledi: disfruta de nuestras raciones \u00fanicas, perfectas para compartir con amigos o familia.<\/p><\/div><\/div>\t\t\t\t<\/div>\n\t\t\t\t<\/div>\n\t\t\t\t<\/div>\n\t\t\t\t\t<\/div>\n\t\t\t\t<\/div>\n\t\t<div class=\"elementor-element elementor-element-62cfdb4 e-flex e-con-boxed e-con e-parent\" data-id=\"62cfdb4\" data-element_type=\"container\" data-e-type=\"container\">\n\t\t\t\t\t<div class=\"e-con-inner\">\n\t\t<div class=\"elementor-element elementor-element-c787ed2 e-con-full e-flex e-con e-child\" data-id=\"c787ed2\" data-element_type=\"container\" data-e-type=\"container\">\n\t\t\t\t<div class=\"elementor-element elementor-element-c2ec1ee elementor-position-top elementor-widget elementor-widget-image-box\" data-id=\"c2ec1ee\" data-element_type=\"widget\" data-e-type=\"widget\" data-widget_type=\"image-box.default\">\n\t\t\t\t<div class=\"elementor-widget-container\">\n\t\t\t\t\t<div class=\"elementor-image-box-wrapper\"><figure class=\"elementor-image-box-img\"><img loading=\"lazy\" decoding=\"async\" width=\"1789\" height=\"1193\" src=\"https:\/\/aledibar.com\/wp-content\/uploads\/2024\/10\/2ee815a7-08ea-4a11-b92c-911c59e57524_16-9-aspect-ratio_default_0_2-01.jpg\" class=\"attachment-full size-full wp-image-220\" alt=\"\" srcset=\"https:\/\/aledibar.com\/wp-content\/uploads\/2024\/10\/2ee815a7-08ea-4a11-b92c-911c59e57524_16-9-aspect-ratio_default_0_2-01.jpg 1789w, https:\/\/aledibar.com\/wp-content\/uploads\/2024\/10\/2ee815a7-08ea-4a11-b92c-911c59e57524_16-9-aspect-ratio_default_0_2-01-300x200.jpg 300w, https:\/\/aledibar.com\/wp-content\/uploads\/2024\/10\/2ee815a7-08ea-4a11-b92c-911c59e57524_16-9-aspect-ratio_default_0_2-01-1024x683.jpg 1024w, https:\/\/aledibar.com\/wp-content\/uploads\/2024\/10\/2ee815a7-08ea-4a11-b92c-911c59e57524_16-9-aspect-ratio_default_0_2-01-768x512.jpg 768w, https:\/\/aledibar.com\/wp-content\/uploads\/2024\/10\/2ee815a7-08ea-4a11-b92c-911c59e57524_16-9-aspect-ratio_default_0_2-01-1536x1024.jpg 1536w\" sizes=\"(max-width: 1789px) 100vw, 1789px\" \/><\/figure><div class=\"elementor-image-box-content\"><h3 class=\"elementor-image-box-title\">Espacio de Juego para Ni\u00f1os<\/h3><p class=\"elementor-image-box-description\">Nuestro entorno junto a la Plaza Olakueta de Berriz ofrece una zona amplia y segura para que los ni\u00f1os jueguen mientras disfrutas de nuestra gastronom\u00eda.<\/p><\/div><\/div>\t\t\t\t<\/div>\n\t\t\t\t<\/div>\n\t\t\t\t<\/div>\n\t\t<div class=\"elementor-element elementor-element-93b00c6 e-con-full e-flex e-con e-child\" data-id=\"93b00c6\" data-element_type=\"container\" data-e-type=\"container\">\n\t\t\t\t<div class=\"elementor-element elementor-element-e0286f3 elementor-position-top elementor-widget elementor-widget-image-box\" data-id=\"e0286f3\" data-element_type=\"widget\" data-e-type=\"widget\" data-widget_type=\"image-box.default\">\n\t\t\t\t<div class=\"elementor-widget-container\">\n\t\t\t\t\t<div class=\"elementor-image-box-wrapper\"><figure class=\"elementor-image-box-img\"><img loading=\"lazy\" decoding=\"async\" width=\"719\" height=\"473\" src=\"https:\/\/aledibar.com\/wp-content\/uploads\/2024\/10\/WhatsApp-Image-2024-10-29-at-10.28.29-e1730204198432.jpeg\" class=\"attachment-full size-full wp-image-379\" alt=\"\" srcset=\"https:\/\/aledibar.com\/wp-content\/uploads\/2024\/10\/WhatsApp-Image-2024-10-29-at-10.28.29-e1730204198432.jpeg 719w, https:\/\/aledibar.com\/wp-content\/uploads\/2024\/10\/WhatsApp-Image-2024-10-29-at-10.28.29-e1730204198432-300x197.jpeg 300w, https:\/\/aledibar.com\/wp-content\/uploads\/2024\/10\/WhatsApp-Image-2024-10-29-at-10.28.29-e1730204198432-18x12.jpeg 18w\" sizes=\"(max-width: 719px) 100vw, 719px\" \/><\/figure><div class=\"elementor-image-box-content\"><h3 class=\"elementor-image-box-title\">Acceso C\u00f3modo<\/h3><p class=\"elementor-image-box-description\">Ubicados al lado del aparcamiento, ofrecemos un acceso f\u00e1cil y c\u00f3modo para todos nuestros visitantes.<\/p><\/div><\/div>\t\t\t\t<\/div>\n\t\t\t\t<\/div>\n\t\t\t\t<\/div>\n\t\t\t\t\t<\/div>\n\t\t\t\t<\/div>\n\t\t\t\t<\/div>","protected":false},"excerpt":{"rendered":"<p>Servicios En Bar Aledi nos dedicamos a ofrecer una experiencia gastron\u00f3mica completa y de calidad, adaptada a todos los gustos. Nuestra propuesta incluye una variedad de servicios pensados para hacer de cada visita un momento especial. Desayunos y Meriendas Comienza el d\u00eda con nosotros disfrutando de una selecci\u00f3n de caf\u00e9s, infusiones, pasteles frescos y deliciosos [&hellip;]<\/p>\n","protected":false},"author":1,"featured_media":0,"parent":0,"menu_order":0,"comment_status":"closed","ping_status":"closed","template":"","meta":{"footnotes":""},"class_list":["post-13","page","type-page","status-publish","hentry"],"yoast_head":"<!-- This site is optimized with the Yoast SEO plugin v27.3 - https:\/\/yoast.com\/product\/yoast-seo-wordpress\/ -->\n<title>Servicios - Aledi<\/title>\n<meta name=\"robots\" content=\"index, follow, max-snippet:-1, max-image-preview:large, max-video-preview:-1\" \/>\n<link rel=\"canonical\" href=\"https:\/\/aledibar.com\/eu\/servicios\/\" \/>\n<meta property=\"og:locale\" content=\"en_US\" \/>\n<meta property=\"og:type\" content=\"article\" \/>\n<meta property=\"og:title\" content=\"Servicios - Aledi\" \/>\n<meta property=\"og:description\" content=\"Servicios En Bar Aledi nos dedicamos a ofrecer una experiencia gastron\u00f3mica completa y de calidad, adaptada a todos los gustos. Nuestra propuesta incluye una variedad de servicios pensados para hacer de cada visita un momento especial. Desayunos y Meriendas Comienza el d\u00eda con nosotros disfrutando de una selecci\u00f3n de caf\u00e9s, infusiones, pasteles frescos y deliciosos [&hellip;]\" \/>\n<meta property=\"og:url\" content=\"https:\/\/aledibar.com\/eu\/servicios\/\" \/>\n<meta property=\"og:site_name\" content=\"Aledi\" \/>\n<meta property=\"article:modified_time\" content=\"2024-10-29T12:16:44+00:00\" \/>\n<meta property=\"og:image\" content=\"https:\/\/aledibar.com\/wp-content\/uploads\/2024\/10\/IMG-20240907-WA0003-Petronela-Luca_2-01.jpg\" \/>\n\t<meta property=\"og:image:width\" content=\"1789\" \/>\n\t<meta property=\"og:image:height\" content=\"1193\" \/>\n\t<meta property=\"og:image:type\" content=\"image\/jpeg\" \/>\n<meta name=\"twitter:card\" content=\"summary_large_image\" \/>\n<meta name=\"twitter:label1\" content=\"Est. reading time\" \/>\n\t<meta name=\"twitter:data1\" content=\"3 minutua\" \/>\n<script type=\"application\/ld+json\" class=\"yoast-schema-graph\">{\"@context\":\"https:\\\/\\\/schema.org\",\"@graph\":[{\"@type\":\"WebPage\",\"@id\":\"https:\\\/\\\/aledibar.com\\\/servicios\\\/\",\"url\":\"https:\\\/\\\/aledibar.com\\\/servicios\\\/\",\"name\":\"Servicios - Aledi\",\"isPartOf\":{\"@id\":\"https:\\\/\\\/aledibar.com\\\/#website\"},\"primaryImageOfPage\":{\"@id\":\"https:\\\/\\\/aledibar.com\\\/servicios\\\/#primaryimage\"},\"image\":{\"@id\":\"https:\\\/\\\/aledibar.com\\\/servicios\\\/#primaryimage\"},\"thumbnailUrl\":\"https:\\\/\\\/aledibar.com\\\/wp-content\\\/uploads\\\/2024\\\/10\\\/IMG-20240907-WA0003-Petronela-Luca_2-01.jpg\",\"datePublished\":\"2024-10-24T11:35:14+00:00\",\"dateModified\":\"2024-10-29T12:16:44+00:00\",\"breadcrumb\":{\"@id\":\"https:\\\/\\\/aledibar.com\\\/servicios\\\/#breadcrumb\"},\"inLanguage\":\"eu\",\"potentialAction\":[{\"@type\":\"ReadAction\",\"target\":[\"https:\\\/\\\/aledibar.com\\\/servicios\\\/\"]}]},{\"@type\":\"ImageObject\",\"inLanguage\":\"eu\",\"@id\":\"https:\\\/\\\/aledibar.com\\\/servicios\\\/#primaryimage\",\"url\":\"https:\\\/\\\/aledibar.com\\\/wp-content\\\/uploads\\\/2024\\\/10\\\/IMG-20240907-WA0003-Petronela-Luca_2-01.jpg\",\"contentUrl\":\"https:\\\/\\\/aledibar.com\\\/wp-content\\\/uploads\\\/2024\\\/10\\\/IMG-20240907-WA0003-Petronela-Luca_2-01.jpg\"},{\"@type\":\"BreadcrumbList\",\"@id\":\"https:\\\/\\\/aledibar.com\\\/servicios\\\/#breadcrumb\",\"itemListElement\":[{\"@type\":\"ListItem\",\"position\":1,\"name\":\"Portada\",\"item\":\"https:\\\/\\\/aledibar.com\\\/\"},{\"@type\":\"ListItem\",\"position\":2,\"name\":\"Servicios\"}]},{\"@type\":\"WebSite\",\"@id\":\"https:\\\/\\\/aledibar.com\\\/#website\",\"url\":\"https:\\\/\\\/aledibar.com\\\/\",\"name\":\"Aledi\",\"description\":\"Bar Cafeter\u00eda \",\"publisher\":{\"@id\":\"https:\\\/\\\/aledibar.com\\\/#organization\"},\"potentialAction\":[{\"@type\":\"SearchAction\",\"target\":{\"@type\":\"EntryPoint\",\"urlTemplate\":\"https:\\\/\\\/aledibar.com\\\/?s={search_term_string}\"},\"query-input\":{\"@type\":\"PropertyValueSpecification\",\"valueRequired\":true,\"valueName\":\"search_term_string\"}}],\"inLanguage\":\"eu\"},{\"@type\":\"Organization\",\"@id\":\"https:\\\/\\\/aledibar.com\\\/#organization\",\"name\":\"Aledi\",\"url\":\"https:\\\/\\\/aledibar.com\\\/\",\"logo\":{\"@type\":\"ImageObject\",\"inLanguage\":\"eu\",\"@id\":\"https:\\\/\\\/aledibar.com\\\/#\\\/schema\\\/logo\\\/image\\\/\",\"url\":\"https:\\\/\\\/aledibar.com\\\/wp-content\\\/uploads\\\/2024\\\/10\\\/cropped-cropped-cropped-Aledi-Petronela-Luca-1.jpg\",\"contentUrl\":\"https:\\\/\\\/aledibar.com\\\/wp-content\\\/uploads\\\/2024\\\/10\\\/cropped-cropped-cropped-Aledi-Petronela-Luca-1.jpg\",\"width\":654,\"height\":351,\"caption\":\"Aledi\"},\"image\":{\"@id\":\"https:\\\/\\\/aledibar.com\\\/#\\\/schema\\\/logo\\\/image\\\/\"}}]}<\/script>\n<!-- \/ Yoast SEO plugin. -->","yoast_head_json":{"title":"Servicios - Aledi","robots":{"index":"index","follow":"follow","max-snippet":"max-snippet:-1","max-image-preview":"max-image-preview:large","max-video-preview":"max-video-preview:-1"},"canonical":"https:\/\/aledibar.com\/eu\/servicios\/","og_locale":"en_US","og_type":"article","og_title":"Servicios - Aledi","og_description":"Servicios En Bar Aledi nos dedicamos a ofrecer una experiencia gastron\u00f3mica completa y de calidad, adaptada a todos los gustos. Nuestra propuesta incluye una variedad de servicios pensados para hacer de cada visita un momento especial. Desayunos y Meriendas Comienza el d\u00eda con nosotros disfrutando de una selecci\u00f3n de caf\u00e9s, infusiones, pasteles frescos y deliciosos [&hellip;]","og_url":"https:\/\/aledibar.com\/eu\/servicios\/","og_site_name":"Aledi","article_modified_time":"2024-10-29T12:16:44+00:00","og_image":[{"width":1789,"height":1193,"url":"https:\/\/aledibar.com\/wp-content\/uploads\/2024\/10\/IMG-20240907-WA0003-Petronela-Luca_2-01.jpg","type":"image\/jpeg"}],"twitter_card":"summary_large_image","twitter_misc":{"Est. reading time":"3 minutua"},"schema":{"@context":"https:\/\/schema.org","@graph":[{"@type":"WebPage","@id":"https:\/\/aledibar.com\/servicios\/","url":"https:\/\/aledibar.com\/servicios\/","name":"Servicios - Aledi","isPartOf":{"@id":"https:\/\/aledibar.com\/#website"},"primaryImageOfPage":{"@id":"https:\/\/aledibar.com\/servicios\/#primaryimage"},"image":{"@id":"https:\/\/aledibar.com\/servicios\/#primaryimage"},"thumbnailUrl":"https:\/\/aledibar.com\/wp-content\/uploads\/2024\/10\/IMG-20240907-WA0003-Petronela-Luca_2-01.jpg","datePublished":"2024-10-24T11:35:14+00:00","dateModified":"2024-10-29T12:16:44+00:00","breadcrumb":{"@id":"https:\/\/aledibar.com\/servicios\/#breadcrumb"},"inLanguage":"eu","potentialAction":[{"@type":"ReadAction","target":["https:\/\/aledibar.com\/servicios\/"]}]},{"@type":"ImageObject","inLanguage":"eu","@id":"https:\/\/aledibar.com\/servicios\/#primaryimage","url":"https:\/\/aledibar.com\/wp-content\/uploads\/2024\/10\/IMG-20240907-WA0003-Petronela-Luca_2-01.jpg","contentUrl":"https:\/\/aledibar.com\/wp-content\/uploads\/2024\/10\/IMG-20240907-WA0003-Petronela-Luca_2-01.jpg"},{"@type":"BreadcrumbList","@id":"https:\/\/aledibar.com\/servicios\/#breadcrumb","itemListElement":[{"@type":"ListItem","position":1,"name":"Portada","item":"https:\/\/aledibar.com\/"},{"@type":"ListItem","position":2,"name":"Servicios"}]},{"@type":"WebSite","@id":"https:\/\/aledibar.com\/#website","url":"https:\/\/aledibar.com\/","name":"Aledi","description":"Bar Cafeter\u00eda","publisher":{"@id":"https:\/\/aledibar.com\/#organization"},"potentialAction":[{"@type":"SearchAction","target":{"@type":"EntryPoint","urlTemplate":"https:\/\/aledibar.com\/?s={search_term_string}"},"query-input":{"@type":"PropertyValueSpecification","valueRequired":true,"valueName":"search_term_string"}}],"inLanguage":"eu"},{"@type":"Organization","@id":"https:\/\/aledibar.com\/#organization","name":"Aledi","url":"https:\/\/aledibar.com\/","logo":{"@type":"ImageObject","inLanguage":"eu","@id":"https:\/\/aledibar.com\/#\/schema\/logo\/image\/","url":"https:\/\/aledibar.com\/wp-content\/uploads\/2024\/10\/cropped-cropped-cropped-Aledi-Petronela-Luca-1.jpg","contentUrl":"https:\/\/aledibar.com\/wp-content\/uploads\/2024\/10\/cropped-cropped-cropped-Aledi-Petronela-Luca-1.jpg","width":654,"height":351,"caption":"Aledi"},"image":{"@id":"https:\/\/aledibar.com\/#\/schema\/logo\/image\/"}}]}},"_links":{"self":[{"href":"https:\/\/aledibar.com\/eu\/wp-json\/wp\/v2\/pages\/13","targetHints":{"allow":["GET"]}}],"collection":[{"href":"https:\/\/aledibar.com\/eu\/wp-json\/wp\/v2\/pages"}],"about":[{"href":"https:\/\/aledibar.com\/eu\/wp-json\/wp\/v2\/types\/page"}],"author":[{"embeddable":true,"href":"https:\/\/aledibar.com\/eu\/wp-json\/wp\/v2\/users\/1"}],"replies":[{"embeddable":true,"href":"https:\/\/aledibar.com\/eu\/wp-json\/wp\/v2\/comments?post=13"}],"version-history":[{"count":52,"href":"https:\/\/aledibar.com\/eu\/wp-json\/wp\/v2\/pages\/13\/revisions"}],"predecessor-version":[{"id":382,"href":"https:\/\/aledibar.com\/eu\/wp-json\/wp\/v2\/pages\/13\/revisions\/382"}],"wp:attachment":[{"href":"https:\/\/aledibar.com\/eu\/wp-json\/wp\/v2\/media?parent=13"}],"curies":[{"name":"wp","href":"https:\/\/api.w.org\/{rel}","templated":true}]}}