{"id":2,"date":"2024-10-24T10:16:14","date_gmt":"2024-10-24T10:16:14","guid":{"rendered":"https:\/\/aledibar.rkinformatika.online\/?page_id=2"},"modified":"2024-10-28T17:13:14","modified_gmt":"2024-10-28T17:13:14","slug":"inicio","status":"publish","type":"page","link":"https:\/\/aledibar.com\/eu\/","title":{"rendered":"HASIERA"},"content":{"rendered":"<div data-elementor-type=\"wp-page\" data-elementor-id=\"2\" class=\"elementor elementor-2\" data-elementor-post-type=\"page\">\n\t\t\t\t<div class=\"elementor-element elementor-element-74fe593 e-con-full e-flex e-con e-parent\" data-id=\"74fe593\" data-element_type=\"container\" data-e-type=\"container\" data-settings=\"{&quot;background_background&quot;:&quot;classic&quot;}\">\n\t\t\t\t<div class=\"elementor-element elementor-element-c1354e8 elementor--h-position-center elementor--v-position-middle elementor-arrows-position-inside elementor-pagination-position-inside elementor-widget elementor-widget-slides\" data-id=\"c1354e8\" data-element_type=\"widget\" data-e-type=\"widget\" data-settings=\"{&quot;transition_speed&quot;:350,&quot;navigation&quot;:&quot;both&quot;,&quot;autoplay&quot;:&quot;yes&quot;,&quot;pause_on_hover&quot;:&quot;yes&quot;,&quot;pause_on_interaction&quot;:&quot;yes&quot;,&quot;autoplay_speed&quot;:5000,&quot;infinite&quot;:&quot;yes&quot;,&quot;transition&quot;:&quot;slide&quot;}\" data-widget_type=\"slides.default\">\n\t\t\t\t<div class=\"elementor-widget-container\">\n\t\t\t\t\t\t\t\t\t<div class=\"elementor-swiper\">\n\t\t\t\t\t<div class=\"elementor-slides-wrapper elementor-main-swiper swiper\" role=\"region\" aria-roledescription=\"carousel\" aria-label=\"Diapositivas\" dir=\"ltr\" data-animation=\"fadeInDown\">\n\t\t\t\t<div class=\"swiper-wrapper elementor-slides\">\n\t\t\t\t\t\t\t\t\t\t<div class=\"elementor-repeater-item-84507a7 swiper-slide\" role=\"group\" aria-roledescription=\"slide\"><div class=\"swiper-slide-bg\" role=\"img\" aria-label=\"IMG-20240907-WA0003 - Petronela Luca\"><\/div><div class=\"elementor-background-overlay\"><\/div><div class=\"swiper-slide-inner\" ><div class=\"swiper-slide-contents\"><div class=\"elementor-slide-heading\">Aledi taberna:<\/div><div class=\"elementor-slide-description\">Familian gozatzeko pintxoak, kafeak eta zaporeak<\/div><a href=\"https:\/\/aledibar.com\/index.php\/servicios\/\" class=\"elementor-button elementor-slide-button elementor-size-xs\">Ezagutu gehiago<\/a><\/div><\/div><\/div><div class=\"elementor-repeater-item-0b3a806 swiper-slide\" role=\"group\" aria-roledescription=\"slide\"><div class=\"swiper-slide-bg\" role=\"img\" aria-label=\"2022-06-16\"><\/div><div class=\"elementor-background-overlay\"><\/div><div class=\"swiper-slide-inner\" ><div class=\"swiper-slide-contents\"><div class=\"elementor-slide-heading\">Pizza Onena Partekatzeko<\/div><div class=\"elementor-slide-description\">Masa kurruskaria eta zapore biziak: zure une berezietarako osagarri ezin hobea<\/div><a href=\"https:\/\/aledibar.com\/index.php\/servicios\/\" class=\"elementor-button elementor-slide-button elementor-size-xs\">Ezagutu gehiago<\/a><\/div><\/div><\/div><div class=\"elementor-repeater-item-dfc2556 swiper-slide\" role=\"group\" aria-roledescription=\"slide\"><div class=\"swiper-slide-bg\" role=\"img\" aria-label=\"20240524_193717 - Petronela Luca\"><\/div><div class=\"elementor-background-overlay\"><\/div><div class=\"swiper-slide-inner\" ><div class=\"swiper-slide-contents\"><div class=\"elementor-slide-heading\">Tokiko zaporeak <\/div><div class=\"elementor-slide-description\">eta Atseginak Berrizko Bihotzean<\/div><a href=\"https:\/\/aledibar.com\/index.php\/servicios\/\" class=\"elementor-button elementor-slide-button elementor-size-xs\">Ezagutu gehiago<\/a><\/div><\/div><\/div>\t\t\t\t<\/div>\n\t\t\t\t\t\t\t\t\t\t\t\t\t\t\t<div class=\"elementor-swiper-button elementor-swiper-button-prev\" role=\"button\" tabindex=\"0\" aria-label=\"Diapositiva anterior\">\n\t\t\t\t\t\t\t<svg aria-hidden=\"true\" class=\"e-font-icon-svg e-eicon-chevron-left\" viewbox=\"0 0 1000 1000\" xmlns=\"http:\/\/www.w3.org\/2000\/svg\"><path d=\"M646 125C629 125 613 133 604 142L308 442C296 454 292 471 292 487 292 504 296 521 308 533L604 854C617 867 629 875 646 875 663 875 679 871 692 858 704 846 713 829 713 812 713 796 708 779 692 767L438 487 692 225C700 217 708 204 708 187 708 171 704 154 692 142 675 129 663 125 646 125Z\"><\/path><\/svg>\t\t\t\t\t\t<\/div>\n\t\t\t\t\t\t<div class=\"elementor-swiper-button elementor-swiper-button-next\" role=\"button\" tabindex=\"0\" aria-label=\"Diapositiva siguiente\">\n\t\t\t\t\t\t\t<svg aria-hidden=\"true\" class=\"e-font-icon-svg e-eicon-chevron-right\" viewbox=\"0 0 1000 1000\" xmlns=\"http:\/\/www.w3.org\/2000\/svg\"><path d=\"M696 533C708 521 713 504 713 487 713 471 708 454 696 446L400 146C388 133 375 125 354 125 338 125 325 129 313 142 300 154 292 171 292 187 292 204 296 221 308 233L563 492 304 771C292 783 288 800 288 817 288 833 296 850 308 863 321 871 338 875 354 875 371 875 388 867 400 854L696 533Z\"><\/path><\/svg>\t\t\t\t\t\t<\/div>\n\t\t\t\t\t\t\t\t\t\t\t\t\t\t\t\t<div class=\"swiper-pagination\"><\/div>\n\t\t\t\t\t\t\t\t\t\t\t\t<\/div>\n\t\t\t\t<\/div>\n\t\t\t\t\t\t\t\t<\/div>\n\t\t\t\t<\/div>\n\t\t\t\t<div class=\"elementor-element elementor-element-af6ef63 elementor-widget elementor-widget-spacer\" data-id=\"af6ef63\" data-element_type=\"widget\" data-e-type=\"widget\" data-widget_type=\"spacer.default\">\n\t\t\t\t<div class=\"elementor-widget-container\">\n\t\t\t\t\t\t\t<div class=\"elementor-spacer\">\n\t\t\t<div class=\"elementor-spacer-inner\"><\/div>\n\t\t<\/div>\n\t\t\t\t\t\t<\/div>\n\t\t\t\t<\/div>\n\t\t<div class=\"elementor-element elementor-element-176722f e-flex e-con-boxed e-con e-child\" data-id=\"176722f\" data-element_type=\"container\" data-e-type=\"container\">\n\t\t\t\t\t<div class=\"e-con-inner\">\n\t\t\t\t<div class=\"elementor-element elementor-element-3f10cb0 elementor-widget elementor-widget-heading\" data-id=\"3f10cb0\" data-element_type=\"widget\" data-e-type=\"widget\" data-widget_type=\"heading.default\">\n\t\t\t\t<div class=\"elementor-widget-container\">\n\t\t\t\t\t<h2 class=\"elementor-heading-title elementor-size-default\">Bienvenido | Ongi Etorri<\/h2>\t\t\t\t<\/div>\n\t\t\t\t<\/div>\n\t\t\t\t<div class=\"elementor-element elementor-element-31ef783 elementor-widget__width-initial elementor-widget elementor-widget-image\" data-id=\"31ef783\" data-element_type=\"widget\" data-e-type=\"widget\" data-widget_type=\"image.default\">\n\t\t\t\t<div class=\"elementor-widget-container\">\n\t\t\t\t\t\t\t\t\t\t\t\t\t\t\t<img fetchpriority=\"high\" decoding=\"async\" width=\"500\" height=\"333\" src=\"https:\/\/aledibar.com\/wp-content\/uploads\/2024\/10\/Aledi.jpg\" class=\"elementor-animation-bob attachment-full size-full wp-image-123\" alt=\"\" srcset=\"https:\/\/aledibar.com\/wp-content\/uploads\/2024\/10\/Aledi.jpg 500w, https:\/\/aledibar.com\/wp-content\/uploads\/2024\/10\/Aledi-300x200.jpg 300w\" sizes=\"(max-width: 500px) 100vw, 500px\" \/>\t\t\t\t\t\t\t\t\t\t\t\t\t\t\t<\/div>\n\t\t\t\t<\/div>\n\t\t\t\t<div class=\"elementor-element elementor-element-677d8ed elementor-widget elementor-widget-text-editor\" data-id=\"677d8ed\" data-element_type=\"widget\" data-e-type=\"widget\" data-widget_type=\"text-editor.default\">\n\t\t\t\t<div class=\"elementor-widget-container\">\n\t\t\t\t\t\t\t\t\t<h3>Bar Aledi: Zure Familia Gunea Berrizen<\/h3><p>Berrizko Olakueta Plaza xarmagarrian kokatua, Aledi Taberna familian gozatzeko lekurik aproposena da, giro atseginarekin eta haurrek aire zabalean jolasteko gune seguru zabalarekin. Inguruko aparkalekuari esker, Aledin gure zerbitzu beroagatik eta pintxo, pastel eta kafe sorta zabalagatik nabarmentzen gara. Asteburuetan afariak eskaintzen ditugu eta, ohitura denez, igandeetako errazioak ezin dira falta.<\/p><p>\u00a0<\/p><p><strong>Zatoz gu bisitatzera eta jakin zergatik den Bar Aledi adin guztientzako topagune ezin hobea!<\/strong><\/p>\t\t\t\t\t\t\t\t<\/div>\n\t\t\t\t<\/div>\n\t\t\t\t\t<\/div>\n\t\t\t\t<\/div>\n\t\t\t\t<div class=\"elementor-element elementor-element-ffc2cbf elementor-widget elementor-widget-spacer\" data-id=\"ffc2cbf\" data-element_type=\"widget\" data-e-type=\"widget\" data-widget_type=\"spacer.default\">\n\t\t\t\t<div class=\"elementor-widget-container\">\n\t\t\t\t\t\t\t<div class=\"elementor-spacer\">\n\t\t\t<div class=\"elementor-spacer-inner\"><\/div>\n\t\t<\/div>\n\t\t\t\t\t\t<\/div>\n\t\t\t\t<\/div>\n\t\t\t\t<\/div>\n\t\t\t\t<\/div>","protected":false},"excerpt":{"rendered":"<p>Bar Aledi:Pintxos, Caf\u00e9s y Sabores para Disfrutar en FamiliaDescubra m\u00e1sLa Mejor Pizza para CompartirDe masa crujiente y sabores intensos: el complemento ideal para tus momentos especialesDescubra m\u00e1sSabores Locales y Delicias en el Coraz\u00f3n de BerrizDescubra m\u00e1s Diapositiva anterior Diapositiva siguiente Ongi Etorri | Bienvenido Bar Aledi: Tu Espacio Familiar en Berriz Ubicado en la encantadora [&hellip;]<\/p>\n","protected":false},"author":1,"featured_media":0,"parent":0,"menu_order":0,"comment_status":"closed","ping_status":"closed","template":"","meta":{"footnotes":""},"class_list":["post-2","page","type-page","status-publish","hentry"],"yoast_head":"<!-- This site is optimized with the Yoast SEO plugin v27.3 - https:\/\/yoast.com\/product\/yoast-seo-wordpress\/ -->\n<title>Inicio - Aledi<\/title>\n<meta name=\"robots\" content=\"index, follow, max-snippet:-1, max-image-preview:large, max-video-preview:-1\" \/>\n<link rel=\"canonical\" href=\"https:\/\/aledibar.com\/eu\/\" \/>\n<meta property=\"og:locale\" content=\"en_US\" \/>\n<meta property=\"og:type\" content=\"article\" \/>\n<meta property=\"og:title\" content=\"Inicio - Aledi\" \/>\n<meta property=\"og:description\" content=\"Bar Aledi:Pintxos, Caf\u00e9s y Sabores para Disfrutar en FamiliaDescubra m\u00e1sLa Mejor Pizza para CompartirDe masa crujiente y sabores intensos: el complemento ideal para tus momentos especialesDescubra m\u00e1sSabores Locales y Delicias en el Coraz\u00f3n de BerrizDescubra m\u00e1s Diapositiva anterior Diapositiva siguiente Ongi Etorri | Bienvenido Bar Aledi: Tu Espacio Familiar en Berriz Ubicado en la encantadora [&hellip;]\" \/>\n<meta property=\"og:url\" content=\"https:\/\/aledibar.com\/eu\/\" \/>\n<meta property=\"og:site_name\" content=\"Aledi\" \/>\n<meta property=\"article:modified_time\" content=\"2024-10-28T17:13:14+00:00\" \/>\n<meta property=\"og:image\" content=\"https:\/\/aledibar.com\/wp-content\/uploads\/2024\/10\/Aledi.jpg\" \/>\n\t<meta property=\"og:image:width\" content=\"500\" \/>\n\t<meta property=\"og:image:height\" content=\"333\" \/>\n\t<meta property=\"og:image:type\" content=\"image\/jpeg\" \/>\n<meta name=\"twitter:card\" content=\"summary_large_image\" \/>\n<meta name=\"twitter:label1\" content=\"Est. reading time\" \/>\n\t<meta name=\"twitter:data1\" content=\"2 minutua\" \/>\n<script type=\"application\/ld+json\" class=\"yoast-schema-graph\">{\"@context\":\"https:\\\/\\\/schema.org\",\"@graph\":[{\"@type\":\"WebPage\",\"@id\":\"https:\\\/\\\/aledibar.com\\\/\",\"url\":\"https:\\\/\\\/aledibar.com\\\/\",\"name\":\"Inicio - Aledi\",\"isPartOf\":{\"@id\":\"https:\\\/\\\/aledibar.com\\\/#website\"},\"primaryImageOfPage\":{\"@id\":\"https:\\\/\\\/aledibar.com\\\/#primaryimage\"},\"image\":{\"@id\":\"https:\\\/\\\/aledibar.com\\\/#primaryimage\"},\"thumbnailUrl\":\"https:\\\/\\\/aledibar.com\\\/wp-content\\\/uploads\\\/2024\\\/10\\\/Aledi.jpg\",\"datePublished\":\"2024-10-24T10:16:14+00:00\",\"dateModified\":\"2024-10-28T17:13:14+00:00\",\"breadcrumb\":{\"@id\":\"https:\\\/\\\/aledibar.com\\\/#breadcrumb\"},\"inLanguage\":\"eu\",\"potentialAction\":[{\"@type\":\"ReadAction\",\"target\":[\"https:\\\/\\\/aledibar.com\\\/\"]}]},{\"@type\":\"ImageObject\",\"inLanguage\":\"eu\",\"@id\":\"https:\\\/\\\/aledibar.com\\\/#primaryimage\",\"url\":\"https:\\\/\\\/aledibar.com\\\/wp-content\\\/uploads\\\/2024\\\/10\\\/Aledi.jpg\",\"contentUrl\":\"https:\\\/\\\/aledibar.com\\\/wp-content\\\/uploads\\\/2024\\\/10\\\/Aledi.jpg\"},{\"@type\":\"BreadcrumbList\",\"@id\":\"https:\\\/\\\/aledibar.com\\\/#breadcrumb\",\"itemListElement\":[{\"@type\":\"ListItem\",\"position\":1,\"name\":\"Portada\",\"item\":\"https:\\\/\\\/aledibar.com\\\/\"},{\"@type\":\"ListItem\",\"position\":2,\"name\":\"Inicio\"}]},{\"@type\":\"WebSite\",\"@id\":\"https:\\\/\\\/aledibar.com\\\/#website\",\"url\":\"https:\\\/\\\/aledibar.com\\\/\",\"name\":\"Aledi\",\"description\":\"Bar Cafeter\u00eda \",\"publisher\":{\"@id\":\"https:\\\/\\\/aledibar.com\\\/#organization\"},\"potentialAction\":[{\"@type\":\"SearchAction\",\"target\":{\"@type\":\"EntryPoint\",\"urlTemplate\":\"https:\\\/\\\/aledibar.com\\\/?s={search_term_string}\"},\"query-input\":{\"@type\":\"PropertyValueSpecification\",\"valueRequired\":true,\"valueName\":\"search_term_string\"}}],\"inLanguage\":\"eu\"},{\"@type\":\"Organization\",\"@id\":\"https:\\\/\\\/aledibar.com\\\/#organization\",\"name\":\"Aledi\",\"url\":\"https:\\\/\\\/aledibar.com\\\/\",\"logo\":{\"@type\":\"ImageObject\",\"inLanguage\":\"eu\",\"@id\":\"https:\\\/\\\/aledibar.com\\\/#\\\/schema\\\/logo\\\/image\\\/\",\"url\":\"https:\\\/\\\/aledibar.com\\\/wp-content\\\/uploads\\\/2024\\\/10\\\/cropped-cropped-cropped-Aledi-Petronela-Luca-1.jpg\",\"contentUrl\":\"https:\\\/\\\/aledibar.com\\\/wp-content\\\/uploads\\\/2024\\\/10\\\/cropped-cropped-cropped-Aledi-Petronela-Luca-1.jpg\",\"width\":654,\"height\":351,\"caption\":\"Aledi\"},\"image\":{\"@id\":\"https:\\\/\\\/aledibar.com\\\/#\\\/schema\\\/logo\\\/image\\\/\"}}]}<\/script>\n<!-- \/ Yoast SEO plugin. -->","yoast_head_json":{"title":"Inicio - Aledi","robots":{"index":"index","follow":"follow","max-snippet":"max-snippet:-1","max-image-preview":"max-image-preview:large","max-video-preview":"max-video-preview:-1"},"canonical":"https:\/\/aledibar.com\/eu\/","og_locale":"en_US","og_type":"article","og_title":"Inicio - Aledi","og_description":"Bar Aledi:Pintxos, Caf\u00e9s y Sabores para Disfrutar en FamiliaDescubra m\u00e1sLa Mejor Pizza para CompartirDe masa crujiente y sabores intensos: el complemento ideal para tus momentos especialesDescubra m\u00e1sSabores Locales y Delicias en el Coraz\u00f3n de BerrizDescubra m\u00e1s Diapositiva anterior Diapositiva siguiente Ongi Etorri | Bienvenido Bar Aledi: Tu Espacio Familiar en Berriz Ubicado en la encantadora [&hellip;]","og_url":"https:\/\/aledibar.com\/eu\/","og_site_name":"Aledi","article_modified_time":"2024-10-28T17:13:14+00:00","og_image":[{"width":500,"height":333,"url":"https:\/\/aledibar.com\/wp-content\/uploads\/2024\/10\/Aledi.jpg","type":"image\/jpeg"}],"twitter_card":"summary_large_image","twitter_misc":{"Est. reading time":"2 minutua"},"schema":{"@context":"https:\/\/schema.org","@graph":[{"@type":"WebPage","@id":"https:\/\/aledibar.com\/","url":"https:\/\/aledibar.com\/","name":"Inicio - Aledi","isPartOf":{"@id":"https:\/\/aledibar.com\/#website"},"primaryImageOfPage":{"@id":"https:\/\/aledibar.com\/#primaryimage"},"image":{"@id":"https:\/\/aledibar.com\/#primaryimage"},"thumbnailUrl":"https:\/\/aledibar.com\/wp-content\/uploads\/2024\/10\/Aledi.jpg","datePublished":"2024-10-24T10:16:14+00:00","dateModified":"2024-10-28T17:13:14+00:00","breadcrumb":{"@id":"https:\/\/aledibar.com\/#breadcrumb"},"inLanguage":"eu","potentialAction":[{"@type":"ReadAction","target":["https:\/\/aledibar.com\/"]}]},{"@type":"ImageObject","inLanguage":"eu","@id":"https:\/\/aledibar.com\/#primaryimage","url":"https:\/\/aledibar.com\/wp-content\/uploads\/2024\/10\/Aledi.jpg","contentUrl":"https:\/\/aledibar.com\/wp-content\/uploads\/2024\/10\/Aledi.jpg"},{"@type":"BreadcrumbList","@id":"https:\/\/aledibar.com\/#breadcrumb","itemListElement":[{"@type":"ListItem","position":1,"name":"Portada","item":"https:\/\/aledibar.com\/"},{"@type":"ListItem","position":2,"name":"Inicio"}]},{"@type":"WebSite","@id":"https:\/\/aledibar.com\/#website","url":"https:\/\/aledibar.com\/","name":"Aledi","description":"Bar Cafeter\u00eda","publisher":{"@id":"https:\/\/aledibar.com\/#organization"},"potentialAction":[{"@type":"SearchAction","target":{"@type":"EntryPoint","urlTemplate":"https:\/\/aledibar.com\/?s={search_term_string}"},"query-input":{"@type":"PropertyValueSpecification","valueRequired":true,"valueName":"search_term_string"}}],"inLanguage":"eu"},{"@type":"Organization","@id":"https:\/\/aledibar.com\/#organization","name":"Aledi","url":"https:\/\/aledibar.com\/","logo":{"@type":"ImageObject","inLanguage":"eu","@id":"https:\/\/aledibar.com\/#\/schema\/logo\/image\/","url":"https:\/\/aledibar.com\/wp-content\/uploads\/2024\/10\/cropped-cropped-cropped-Aledi-Petronela-Luca-1.jpg","contentUrl":"https:\/\/aledibar.com\/wp-content\/uploads\/2024\/10\/cropped-cropped-cropped-Aledi-Petronela-Luca-1.jpg","width":654,"height":351,"caption":"Aledi"},"image":{"@id":"https:\/\/aledibar.com\/#\/schema\/logo\/image\/"}}]}},"_links":{"self":[{"href":"https:\/\/aledibar.com\/eu\/wp-json\/wp\/v2\/pages\/2","targetHints":{"allow":["GET"]}}],"collection":[{"href":"https:\/\/aledibar.com\/eu\/wp-json\/wp\/v2\/pages"}],"about":[{"href":"https:\/\/aledibar.com\/eu\/wp-json\/wp\/v2\/types\/page"}],"author":[{"embeddable":true,"href":"https:\/\/aledibar.com\/eu\/wp-json\/wp\/v2\/users\/1"}],"replies":[{"embeddable":true,"href":"https:\/\/aledibar.com\/eu\/wp-json\/wp\/v2\/comments?post=2"}],"version-history":[{"count":94,"href":"https:\/\/aledibar.com\/eu\/wp-json\/wp\/v2\/pages\/2\/revisions"}],"predecessor-version":[{"id":352,"href":"https:\/\/aledibar.com\/eu\/wp-json\/wp\/v2\/pages\/2\/revisions\/352"}],"wp:attachment":[{"href":"https:\/\/aledibar.com\/eu\/wp-json\/wp\/v2\/media?parent=2"}],"curies":[{"name":"wp","href":"https:\/\/api.w.org\/{rel}","templated":true}]}}