{"id":391,"date":"2025-12-19T14:49:24","date_gmt":"2025-12-19T14:49:24","guid":{"rendered":"https:\/\/aledibar.com\/?page_id=391"},"modified":"2025-12-19T14:51:03","modified_gmt":"2025-12-19T14:51:03","slug":"proteccion-de-datos","status":"publish","type":"page","link":"https:\/\/aledibar.com\/eu\/proteccion-de-datos\/","title":{"rendered":"Protecci\u00f3n de Datos"},"content":{"rendered":"<div data-elementor-type=\"wp-page\" data-elementor-id=\"391\" class=\"elementor elementor-391\" data-elementor-post-type=\"page\">\n\t\t\t\t\t\t<section class=\"elementor-section elementor-top-section elementor-element elementor-element-01b012c elementor-section-boxed elementor-section-height-default elementor-section-height-default\" data-id=\"01b012c\" data-element_type=\"section\" data-e-type=\"section\" data-settings=\"{&quot;background_background&quot;:&quot;classic&quot;}\">\n\t\t\t\t\t\t<div class=\"elementor-container elementor-column-gap-default\">\n\t\t\t\t\t<div class=\"elementor-column elementor-col-100 elementor-top-column elementor-element elementor-element-6a3db2f\" data-id=\"6a3db2f\" data-element_type=\"column\" data-e-type=\"column\">\n\t\t\t<div class=\"elementor-widget-wrap elementor-element-populated\">\n\t\t\t\t\t\t<div class=\"elementor-element elementor-element-87b95fd elementor-widget elementor-widget-text-editor\" data-id=\"87b95fd\" data-element_type=\"widget\" data-e-type=\"widget\" data-widget_type=\"text-editor.default\">\n\t\t\t\t<div class=\"elementor-widget-container\">\n\t\t\t\t\t\t\t\t\t<h1 class=\"western\"><b>PROTECCI\u00d3N DE DATOS<\/b><\/h1><p>EMILIA PETRONELA LUCA, Responsable del tratamiento de sus datos de car\u00e1cter personal, le informa conforme a lo previsto en el RGPD y la LOPDGDD que recaba y trata sus datos de car\u00e1cter personal, aplicando las medidas t\u00e9cnicas y organizativas que establece el presente Reglamento con la finalidad de gestionar la relaci\u00f3n que le vincula con el Responsable, as\u00ed como poder remitirle cualquier tipo de comunicaci\u00f3n a trav\u00e9s de los medios designados al efecto.<\/p><p>Usted da, como titular de sus datos, su consentimiento y autorizaci\u00f3n para dicho tratamiento. Podr\u00e1 ejercitar los derechos de acceso, rectificaci\u00f3n, supresi\u00f3n, limitaci\u00f3n, portabilidad y oposici\u00f3n, dirigi\u00e9ndose al Responsable con direcci\u00f3n PLAZA OLAKUETA, N.\u00ba 2, BERRIZ, 48240, BIZKAIA, o enviando un correo a la direcci\u00f3n <a href=\"mailto:PETRONEELALUCA1@GMAIL.COM\">PETRONEELALUCA1@GMAIL.COM<\/a>.<\/p>\t\t\t\t\t\t\t\t<\/div>\n\t\t\t\t<\/div>\n\t\t\t\t\t<\/div>\n\t\t<\/div>\n\t\t\t\t\t<\/div>\n\t\t<\/section>\n\t\t<div class=\"elementor-element elementor-element-7c91795 e-flex e-con-boxed e-con e-parent\" data-id=\"7c91795\" data-element_type=\"container\" data-e-type=\"container\">\n\t\t\t\t\t<div class=\"e-con-inner\">\n\t\t\t\t<div class=\"elementor-element elementor-element-5bde66e elementor-widget elementor-widget-spacer\" data-id=\"5bde66e\" data-element_type=\"widget\" data-e-type=\"widget\" data-widget_type=\"spacer.default\">\n\t\t\t\t<div class=\"elementor-widget-container\">\n\t\t\t\t\t\t\t<div class=\"elementor-spacer\">\n\t\t\t<div class=\"elementor-spacer-inner\"><\/div>\n\t\t<\/div>\n\t\t\t\t\t\t<\/div>\n\t\t\t\t<\/div>\n\t\t\t\t\t<\/div>\n\t\t\t\t<\/div>\n\t\t\t\t<\/div>","protected":false},"excerpt":{"rendered":"<p>PROTECCI\u00d3N DE DATOS EMILIA PETRONELA LUCA, Responsable del tratamiento de sus datos de car\u00e1cter personal, le informa conforme a lo previsto en el RGPD y la LOPDGDD que recaba y trata sus datos de car\u00e1cter personal, aplicando las medidas t\u00e9cnicas y organizativas que establece el presente Reglamento con la finalidad de gestionar la relaci\u00f3n que [&hellip;]<\/p>\n","protected":false},"author":1,"featured_media":0,"parent":0,"menu_order":0,"comment_status":"closed","ping_status":"closed","template":"elementor_canvas","meta":{"footnotes":""},"class_list":["post-391","page","type-page","status-publish","hentry"],"yoast_head":"<!-- This site is optimized with the Yoast SEO plugin v27.3 - https:\/\/yoast.com\/product\/yoast-seo-wordpress\/ -->\n<title>Protecci\u00f3n de Datos - Aledi<\/title>\n<meta name=\"robots\" content=\"index, follow, max-snippet:-1, max-image-preview:large, max-video-preview:-1\" \/>\n<link rel=\"canonical\" href=\"https:\/\/aledibar.com\/eu\/proteccion-de-datos\/\" \/>\n<meta property=\"og:locale\" content=\"en_US\" \/>\n<meta property=\"og:type\" content=\"article\" \/>\n<meta property=\"og:title\" content=\"Protecci\u00f3n de Datos - Aledi\" \/>\n<meta property=\"og:description\" content=\"PROTECCI\u00d3N DE DATOS EMILIA PETRONELA LUCA, Responsable del tratamiento de sus datos de car\u00e1cter personal, le informa conforme a lo previsto en el RGPD y la LOPDGDD que recaba y trata sus datos de car\u00e1cter personal, aplicando las medidas t\u00e9cnicas y organizativas que establece el presente Reglamento con la finalidad de gestionar la relaci\u00f3n que [&hellip;]\" \/>\n<meta property=\"og:url\" content=\"https:\/\/aledibar.com\/eu\/proteccion-de-datos\/\" \/>\n<meta property=\"og:site_name\" content=\"Aledi\" \/>\n<meta property=\"article:modified_time\" content=\"2025-12-19T14:51:03+00:00\" \/>\n<meta name=\"twitter:card\" content=\"summary_large_image\" \/>\n<meta name=\"twitter:label1\" content=\"Est. reading time\" \/>\n\t<meta name=\"twitter:data1\" content=\"1 minutua\" \/>\n<script type=\"application\/ld+json\" class=\"yoast-schema-graph\">{\"@context\":\"https:\\\/\\\/schema.org\",\"@graph\":[{\"@type\":\"WebPage\",\"@id\":\"https:\\\/\\\/aledibar.com\\\/proteccion-de-datos\\\/\",\"url\":\"https:\\\/\\\/aledibar.com\\\/proteccion-de-datos\\\/\",\"name\":\"Protecci\u00f3n de Datos - Aledi\",\"isPartOf\":{\"@id\":\"https:\\\/\\\/aledibar.com\\\/#website\"},\"datePublished\":\"2025-12-19T14:49:24+00:00\",\"dateModified\":\"2025-12-19T14:51:03+00:00\",\"breadcrumb\":{\"@id\":\"https:\\\/\\\/aledibar.com\\\/proteccion-de-datos\\\/#breadcrumb\"},\"inLanguage\":\"eu\",\"potentialAction\":[{\"@type\":\"ReadAction\",\"target\":[\"https:\\\/\\\/aledibar.com\\\/proteccion-de-datos\\\/\"]}]},{\"@type\":\"BreadcrumbList\",\"@id\":\"https:\\\/\\\/aledibar.com\\\/proteccion-de-datos\\\/#breadcrumb\",\"itemListElement\":[{\"@type\":\"ListItem\",\"position\":1,\"name\":\"Portada\",\"item\":\"https:\\\/\\\/aledibar.com\\\/\"},{\"@type\":\"ListItem\",\"position\":2,\"name\":\"Protecci\u00f3n de Datos\"}]},{\"@type\":\"WebSite\",\"@id\":\"https:\\\/\\\/aledibar.com\\\/#website\",\"url\":\"https:\\\/\\\/aledibar.com\\\/\",\"name\":\"Aledi\",\"description\":\"Bar Cafeter\u00eda \",\"publisher\":{\"@id\":\"https:\\\/\\\/aledibar.com\\\/#organization\"},\"potentialAction\":[{\"@type\":\"SearchAction\",\"target\":{\"@type\":\"EntryPoint\",\"urlTemplate\":\"https:\\\/\\\/aledibar.com\\\/?s={search_term_string}\"},\"query-input\":{\"@type\":\"PropertyValueSpecification\",\"valueRequired\":true,\"valueName\":\"search_term_string\"}}],\"inLanguage\":\"eu\"},{\"@type\":\"Organization\",\"@id\":\"https:\\\/\\\/aledibar.com\\\/#organization\",\"name\":\"Aledi\",\"url\":\"https:\\\/\\\/aledibar.com\\\/\",\"logo\":{\"@type\":\"ImageObject\",\"inLanguage\":\"eu\",\"@id\":\"https:\\\/\\\/aledibar.com\\\/#\\\/schema\\\/logo\\\/image\\\/\",\"url\":\"https:\\\/\\\/aledibar.com\\\/wp-content\\\/uploads\\\/2024\\\/10\\\/cropped-cropped-cropped-Aledi-Petronela-Luca-1.jpg\",\"contentUrl\":\"https:\\\/\\\/aledibar.com\\\/wp-content\\\/uploads\\\/2024\\\/10\\\/cropped-cropped-cropped-Aledi-Petronela-Luca-1.jpg\",\"width\":654,\"height\":351,\"caption\":\"Aledi\"},\"image\":{\"@id\":\"https:\\\/\\\/aledibar.com\\\/#\\\/schema\\\/logo\\\/image\\\/\"}}]}<\/script>\n<!-- \/ Yoast SEO plugin. -->","yoast_head_json":{"title":"Protecci\u00f3n de Datos - Aledi","robots":{"index":"index","follow":"follow","max-snippet":"max-snippet:-1","max-image-preview":"max-image-preview:large","max-video-preview":"max-video-preview:-1"},"canonical":"https:\/\/aledibar.com\/eu\/proteccion-de-datos\/","og_locale":"en_US","og_type":"article","og_title":"Protecci\u00f3n de Datos - Aledi","og_description":"PROTECCI\u00d3N DE DATOS EMILIA PETRONELA LUCA, Responsable del tratamiento de sus datos de car\u00e1cter personal, le informa conforme a lo previsto en el RGPD y la LOPDGDD que recaba y trata sus datos de car\u00e1cter personal, aplicando las medidas t\u00e9cnicas y organizativas que establece el presente Reglamento con la finalidad de gestionar la relaci\u00f3n que [&hellip;]","og_url":"https:\/\/aledibar.com\/eu\/proteccion-de-datos\/","og_site_name":"Aledi","article_modified_time":"2025-12-19T14:51:03+00:00","twitter_card":"summary_large_image","twitter_misc":{"Est. reading time":"1 minutua"},"schema":{"@context":"https:\/\/schema.org","@graph":[{"@type":"WebPage","@id":"https:\/\/aledibar.com\/proteccion-de-datos\/","url":"https:\/\/aledibar.com\/proteccion-de-datos\/","name":"Protecci\u00f3n de Datos - Aledi","isPartOf":{"@id":"https:\/\/aledibar.com\/#website"},"datePublished":"2025-12-19T14:49:24+00:00","dateModified":"2025-12-19T14:51:03+00:00","breadcrumb":{"@id":"https:\/\/aledibar.com\/proteccion-de-datos\/#breadcrumb"},"inLanguage":"eu","potentialAction":[{"@type":"ReadAction","target":["https:\/\/aledibar.com\/proteccion-de-datos\/"]}]},{"@type":"BreadcrumbList","@id":"https:\/\/aledibar.com\/proteccion-de-datos\/#breadcrumb","itemListElement":[{"@type":"ListItem","position":1,"name":"Portada","item":"https:\/\/aledibar.com\/"},{"@type":"ListItem","position":2,"name":"Protecci\u00f3n de Datos"}]},{"@type":"WebSite","@id":"https:\/\/aledibar.com\/#website","url":"https:\/\/aledibar.com\/","name":"Aledi","description":"Bar Cafeter\u00eda","publisher":{"@id":"https:\/\/aledibar.com\/#organization"},"potentialAction":[{"@type":"SearchAction","target":{"@type":"EntryPoint","urlTemplate":"https:\/\/aledibar.com\/?s={search_term_string}"},"query-input":{"@type":"PropertyValueSpecification","valueRequired":true,"valueName":"search_term_string"}}],"inLanguage":"eu"},{"@type":"Organization","@id":"https:\/\/aledibar.com\/#organization","name":"Aledi","url":"https:\/\/aledibar.com\/","logo":{"@type":"ImageObject","inLanguage":"eu","@id":"https:\/\/aledibar.com\/#\/schema\/logo\/image\/","url":"https:\/\/aledibar.com\/wp-content\/uploads\/2024\/10\/cropped-cropped-cropped-Aledi-Petronela-Luca-1.jpg","contentUrl":"https:\/\/aledibar.com\/wp-content\/uploads\/2024\/10\/cropped-cropped-cropped-Aledi-Petronela-Luca-1.jpg","width":654,"height":351,"caption":"Aledi"},"image":{"@id":"https:\/\/aledibar.com\/#\/schema\/logo\/image\/"}}]}},"_links":{"self":[{"href":"https:\/\/aledibar.com\/eu\/wp-json\/wp\/v2\/pages\/391","targetHints":{"allow":["GET"]}}],"collection":[{"href":"https:\/\/aledibar.com\/eu\/wp-json\/wp\/v2\/pages"}],"about":[{"href":"https:\/\/aledibar.com\/eu\/wp-json\/wp\/v2\/types\/page"}],"author":[{"embeddable":true,"href":"https:\/\/aledibar.com\/eu\/wp-json\/wp\/v2\/users\/1"}],"replies":[{"embeddable":true,"href":"https:\/\/aledibar.com\/eu\/wp-json\/wp\/v2\/comments?post=391"}],"version-history":[{"count":10,"href":"https:\/\/aledibar.com\/eu\/wp-json\/wp\/v2\/pages\/391\/revisions"}],"predecessor-version":[{"id":401,"href":"https:\/\/aledibar.com\/eu\/wp-json\/wp\/v2\/pages\/391\/revisions\/401"}],"wp:attachment":[{"href":"https:\/\/aledibar.com\/eu\/wp-json\/wp\/v2\/media?parent=391"}],"curies":[{"name":"wp","href":"https:\/\/api.w.org\/{rel}","templated":true}]}}